{"id":22,"date":"2016-01-29T15:03:13","date_gmt":"2016-01-29T15:03:13","guid":{"rendered":"http:\/\/www.birgit-lutz.de\/?page_id=22"},"modified":"2020-04-20T20:08:00","modified_gmt":"2020-04-20T18:08:00","slug":"contact","status":"publish","type":"page","link":"https:\/\/www.birgit-lutz.de\/en\/contact\/","title":{"rendered":"Contact \/ Events"},"content":{"rendered":"<p><img loading=\"lazy\" decoding=\"async\" class=\"alignleft size-medium wp-image-946\" src=\"http:\/\/www.birgit-lutz.de\/en\/wp-content\/uploads\/sites\/2\/2016\/01\/DSC6429-300x199.jpg\" alt=\"\" width=\"300\" height=\"199\" srcset=\"https:\/\/www.birgit-lutz.de\/en\/wp-content\/uploads\/sites\/2\/2016\/01\/DSC6429-300x199.jpg 300w, https:\/\/www.birgit-lutz.de\/en\/wp-content\/uploads\/sites\/2\/2016\/01\/DSC6429-768x510.jpg 768w, https:\/\/www.birgit-lutz.de\/en\/wp-content\/uploads\/sites\/2\/2016\/01\/DSC6429.jpg 1010w\" sizes=\"auto, (max-width: 300px) 100vw, 300px\" \/><\/p>\n<p>You want to book me for a speech or presentation? Are you interested in a voyage to the Arctic? Do you want to order one of my books? Just write me!<\/p>\n<p>E-Mail: <span style=\"color: #0000ff\"><a style=\"color: #0000ff\" href=\"mailto:birgit@birgit-lutz.de\">birgit@birgit-lutz.de<\/a><\/span><\/p>\n<p>Phone: <span style=\"color: #0000ff\"><a style=\"color: #0000ff\" href=\"tel:+491794534928\">+49 179 45 34 928<\/a><\/span><\/p>\n<p>&nbsp;<\/p>\n<p>&nbsp;<\/p>\n<p>Voyages and Events with Birgit<\/p>\n<p>Around ten times per year it is possible to travel with me into the Arctic region. Dates you find <span style=\"color: #0000ff\"><a style=\"color: #0000ff\" href=\"http:\/\/www.birgit-lutz.de\/reisen-mit-birgit\/\" target=\"_blank\">here<\/a><\/span>.<\/p>\n<p>Public Presentations in the upcoming season 2019\/20 are listed here:<\/p>\n<p><strong><span style=\"color: #ff0000\">Due to the Coronavirus all my lectures, shows and readings until July\u00a0are cancelled. Her I list those which are not totally cancelled but will take place later. In case there is a new date it is also mentioned below. Please stay home and safe!<\/span><\/strong><\/p>\n<hr \/>\n<p><span style=\"color: #0000ff\"><strong>Plastics in Bochum<\/strong><\/span><\/p>\n<p><span style=\"color: #ff0000\"><strong><span style=\"color: #0000ff\"><span style=\"color: #ff0000\">no\u00a0<\/span><span style=\"color: #ff0000\">new date<\/span><\/span><\/strong><\/span><\/p>\n<p><span style=\"color: #0000ff\"><strong>Plastics in the Polar Ocean \u2013\u00a0why should we care?<\/strong><\/span><\/p>\n<p><span style=\"color: #0000ff\"><strong>Place: Gro\u00dfer Festsaal der Rudolf Steiner Schule\u00a0| Hauptstra\u00dfe 238 | 44892 Bochum<\/strong><\/span><\/p>\n<p><span style=\"color: #0000ff\"><strong>Start: 8 pm\u00a0| Fee: free<\/strong><\/span><\/p>\n<p>Further\u00a0information\u00a0<span style=\"color: #0000ff\"><a style=\"color: #0000ff\" href=\"http:\/\/www.rssbochum.de\/\" target=\"_blank\">www.rss-bochum.de<\/a><\/span><\/p>\n<div class=\"gmail_quote\"><\/div>\n<hr \/>\n<p><span style=\"color: #0000ff\"><strong>Plastics in\u00a0D\u00fcsseldorf \u2013 KINDERWELTEN 2.0<\/strong><\/span><\/p>\n<p><span style=\"color: #ff0000\"><strong>no new date<\/strong><\/span><\/p>\n<p><span style=\"color: #0000ff\"><strong>Plastics in the Polar Ocean \u2013\u00a0why should we care?<\/strong><\/span><\/p>\n<p><span style=\"color: #0000ff\"><strong>Place:\u00a0Pfarrsaal St. Rochus\u00a0| \u00a0Prinz-Georg-Stra\u00dfe 110 (Ecke Bagelsta\u00dfe) | 40479 D\u00fcsseldorf<\/strong><\/span><\/p>\n<p><span style=\"color: #0000ff\"><strong>Start: 7:30 pm<\/strong><\/span><\/p>\n<p>Further information<span style=\"color: #0000ff\">\u00a0<a style=\"color: #0000ff\" href=\"https:\/\/www.asg-bildungsforum.de\/\" target=\"_blank\">www.asg-bildungsforum.de<\/a><\/span><\/p>\n<div class=\"gmail_quote\">\n<hr \/>\n<p><span style=\"color: #0000ff\"><strong>Westerw\u00e4lder\u00a0literature days with focus on Scandinavia \/ North<\/strong><\/span><\/p>\n<p><span style=\"color: #0000ff\"><strong>Tuesday, 8. September 2020<\/strong><\/span><\/p>\n<p><span style=\"color: #0000ff\"><strong>Heute gehen wir Wale fangen<\/strong><\/span><\/p>\n<p><span style=\"color: #0000ff\"><strong>Place:\u00a0Kulturwerk Wissen \u00a0| Walzwerkstra\u00dfe 22\u00a0\u00a0|\u00a057537 Wissen<\/strong><\/span><\/p>\n<\/div>\n<div class=\"gmail_quote\">\n<p><span style=\"color: #0000ff\"><strong>Start:\u00a07 pm<\/strong><\/span><b><\/b><\/p>\n<p>Further information soon here or on the website of\u00a0<span style=\"color: #0000ff\"><a style=\"color: #0000ff\" href=\"https:\/\/www.ww-lit.de\" target=\"_blank\">Westerw\u00e4lder\u00a0Literaturtage<\/a><\/span><\/p>\n<\/div>\n<hr \/>\n<div class=\"gmail_quote\">\n<div class=\"gmail_quote\">\n<div class=\"gmail_quote\">\n<div class=\"gmail_quote\">\n<div class=\"gmail_quote\">\n<p><span style=\"color: #0000ff\"><strong>Greenland in\u00a0<\/strong><b>Cologne<\/b><\/span><\/p>\n<p><span style=\"color: #ff0000\"><strong>new date: 10.11.2020 (purchased tickets remain valid)<\/strong><\/span><\/p>\n<p><span style=\"color: #0000ff\"><strong>Heute gehen wir Wale fangen<\/strong><\/span><\/p>\n<\/div>\n<div class=\"gmail_quote\">\n<p><span style=\"color: #0000ff\"><strong>Place: Globetrotter Filiale K\u00f6ln\u00a0| Richmodstra\u00dfe\u00a010 | 50667 K\u00f6ln<\/strong><\/span><\/p>\n<p class=\"bodytext\"><span style=\"color: #0000ff\"><strong>Start: 8:30<\/strong><strong>\u00a0| Entrance: 8:15 pm| Fee: 15 Euro<\/strong><\/span><\/p>\n<p>Further information \u00a0<span style=\"color: #0000ff\"><a style=\"color: #0000ff\" href=\"https:\/\/www.globetrotter.de\/filialen\/koeln\/\" target=\"_blank\">www.globetrotter.de<\/a><\/span><\/p>\n<div class=\"gmail_quote\">\n<hr \/>\n<p><span style=\"color: #0000ff\"><strong>Greenland\u00a0in\u00a0<\/strong><b>Dresden<\/b><\/span><\/p>\n<p><span style=\"color: #ff0000\"><strong>Friday, 19 March 2021\u00a0<\/strong><\/span><\/p>\n<p><span style=\"color: #0000ff\"><strong>Heute gehen wir Wale fangen<\/strong><\/span><\/p>\n<\/div>\n<div class=\"gmail_quote\">\n<p><span style=\"color: #0000ff\"><strong>Place:\u00a0Globetrotter Filiale Dresden\u00a0| Prager Stra\u00dfe\u00a010 | 01069\u00a0Dresden<\/strong><\/span><\/p>\n<p class=\"bodytext\"><span style=\"color: #0000ff\"><strong>Start: 8:30<\/strong><strong>\u00a0| Entrance: 8:15 pm| Fee: 15 Euro<\/strong><\/span><\/p>\n<p class=\"bodytext\">\n<\/div>\n<\/div>\n<\/div>\n<\/div>\n<\/div>\n<\/div>\n","protected":false},"excerpt":{"rendered":"<p>You want to book me for a speech or presentation? Are you interested in a voyage to the Arctic? Do you want to order one of my books? Just write me! E-Mail: birgit@birgit-lutz.de Phone: +49 179 45 34 928 &nbsp;<\/p>\n","protected":false},"author":1,"featured_media":0,"parent":0,"menu_order":0,"comment_status":"closed","ping_status":"closed","template":"","meta":{"footnotes":""},"class_list":["post-22","page","type-page","status-publish","hentry"],"_links":{"self":[{"href":"https:\/\/www.birgit-lutz.de\/en\/wp-json\/wp\/v2\/pages\/22","targetHints":{"allow":["GET"]}}],"collection":[{"href":"https:\/\/www.birgit-lutz.de\/en\/wp-json\/wp\/v2\/pages"}],"about":[{"href":"https:\/\/www.birgit-lutz.de\/en\/wp-json\/wp\/v2\/types\/page"}],"author":[{"embeddable":true,"href":"https:\/\/www.birgit-lutz.de\/en\/wp-json\/wp\/v2\/users\/1"}],"replies":[{"embeddable":true,"href":"https:\/\/www.birgit-lutz.de\/en\/wp-json\/wp\/v2\/comments?post=22"}],"version-history":[{"count":11,"href":"https:\/\/www.birgit-lutz.de\/en\/wp-json\/wp\/v2\/pages\/22\/revisions"}],"predecessor-version":[{"id":1105,"href":"https:\/\/www.birgit-lutz.de\/en\/wp-json\/wp\/v2\/pages\/22\/revisions\/1105"}],"wp:attachment":[{"href":"https:\/\/www.birgit-lutz.de\/en\/wp-json\/wp\/v2\/media?parent=22"}],"curies":[{"name":"wp","href":"https:\/\/api.w.org\/{rel}","templated":true}]}}